{"id":9503,"date":"2023-07-20T15:05:34","date_gmt":"2023-07-20T13:05:34","guid":{"rendered":"https:\/\/www.hsvision.de\/produkt\/kowa-festbrennweiten\/"},"modified":"2023-07-20T15:07:13","modified_gmt":"2023-07-20T13:07:13","slug":"kowa-festbrennweiten","status":"publish","type":"product","link":"https:\/\/www.hsvision.de\/en\/produkt\/lenses\/kowa-festbrennweiten\/","title":{"rendered":"KOWA Festbrennweiten"},"content":{"rendered":"<p>C-Mount, Mit Fixierschrauben f\u00fcr Blende und Focus<\/p>\n<p>Festbrennweite 6 mm f1,4 (f\u00fcr 1&#8243; Sensoren)<\/p>\n<p>Naheinstellgrenze 10 cm<\/p>\n<p>Festbrennweite 8 mm f1,4 (f\u00fcr 1&#8243; Sensoren)<\/p>\n<p>Naheinstellgrenze 10cm<\/p>\n<p>Festbrennweite 12,5 mm f1,4 (f\u00fcr 1&#8243; Sensoren)<\/p>\n<p>Naheinstellgrenze 30 cm<\/p>\n<p>Festbrennweite 16 mm f1,4 (f\u00fcr 1&#8243; Sensoren)<\/p>\n<p>Naheinstellgrenze 30 cm<\/p>\n<p>Festbrennweite 25 mm f1,4 (f\u00fcr 1&#8243; Sensoren)<\/p>\n<p>Naheinstellgrenze 45 cm<\/p>\n<p>Festbrennweite 35 mm f1,4 (f\u00fcr 1&#8243; Sensoren)<\/p>\n<p>Naheinstellgrenze 40 cm<\/p>\n<p>Festbrennweite 50 mm f1,4 (f\u00fcr 1&#8243; Sensoren)<\/p>\n<p>Naheinstellgrenze 50 cm<\/p>\n<p>Festbrennweite 75 mm f1,4 (f\u00fcr 1&#8243; Sensoren)<\/p>\n<p>Naheinstellgrenze 100 cm<\/p>\n","protected":false},"excerpt":{"rendered":"<p>C-Mount, Mit Fixierschrauben f\u00fcr Blende und Focus Festbrennweite 6 mm f1,4 (f\u00fcr 1&#8243; Sensoren) Naheinstellgrenze 10 cm Festbrennweite 8 mm f1,4 (f\u00fcr 1&#8243; Sensoren) Naheinstellgrenze 10cm Festbrennweite 12,5 mm f1,4 (f\u00fcr 1&#8243; Sensoren) Naheinstellgrenze 30 cm Festbrennweite 16 mm f1,4 (f\u00fcr 1&#8243; Sensoren) Naheinstellgrenze 30 cm Festbrennweite 25 mm f1,4 (f\u00fcr 1&#8243; Sensoren) Naheinstellgrenze 45&#8230;<\/p>\n","protected":false},"featured_media":10114,"template":"","meta":{"_acf_changed":false},"product_brand":[],"product_cat":[98],"product_tag":[],"class_list":{"0":"post-9503","1":"product","2":"type-product","3":"status-publish","4":"has-post-thumbnail","6":"product_cat-lenses","8":"first","9":"instock","10":"shipping-taxable","11":"product-type-simple"},"acf":[],"aioseo_notices":[],"_links":{"self":[{"href":"https:\/\/www.hsvision.de\/en\/wp-json\/wp\/v2\/product\/9503","targetHints":{"allow":["GET"]}}],"collection":[{"href":"https:\/\/www.hsvision.de\/en\/wp-json\/wp\/v2\/product"}],"about":[{"href":"https:\/\/www.hsvision.de\/en\/wp-json\/wp\/v2\/types\/product"}],"wp:featuredmedia":[{"embeddable":true,"href":"https:\/\/www.hsvision.de\/en\/wp-json\/wp\/v2\/media\/10114"}],"wp:attachment":[{"href":"https:\/\/www.hsvision.de\/en\/wp-json\/wp\/v2\/media?parent=9503"}],"wp:term":[{"taxonomy":"product_brand","embeddable":true,"href":"https:\/\/www.hsvision.de\/en\/wp-json\/wp\/v2\/product_brand?post=9503"},{"taxonomy":"product_cat","embeddable":true,"href":"https:\/\/www.hsvision.de\/en\/wp-json\/wp\/v2\/product_cat?post=9503"},{"taxonomy":"product_tag","embeddable":true,"href":"https:\/\/www.hsvision.de\/en\/wp-json\/wp\/v2\/product_tag?post=9503"}],"curies":[{"name":"wp","href":"https:\/\/api.w.org\/{rel}","templated":true}]}}