{"id":9137,"date":"2023-07-19T12:51:13","date_gmt":"2023-07-19T10:51:13","guid":{"rendered":"https:\/\/www.hsvision.de\/?page_id=9137"},"modified":"2025-09-11T13:56:24","modified_gmt":"2025-09-11T11:56:24","slug":"1-mpx-speedcam","status":"publish","type":"page","link":"https:\/\/www.hsvision.de\/en\/products\/by-resolution-pixels\/1-mpx-speedcam\/","title":{"rendered":"1 MPX SpeedCam"},"content":{"rendered":"<section class=\"l-section wpb_row smf-produktuebersicht height_custom\"><div class=\"l-section-h i-cf\"><div class=\"g-cols vc_row via_grid cols_1 laptops-cols_inherit tablets-cols_inherit mobiles-cols_1 valign_top type_default stacking_default\"><div class=\"wpb_column vc_column_container\"><div class=\"vc_column-inner\"><h1 class=\"w-post-elm post_title entry-title\">1 MPX SpeedCam<\/h1><div class=\"w-separator size_medium\"><\/div><div class=\"w-grid type_grid layout_9012 smf-produkt cols_3\" id=\"us_grid_1\" style=\"--columns:3;--gap:1.5rem;\" data-filterable=\"true\"><style>@media (max-width:1024px){#us_grid_1{--columns:2!important}}@media (max-width:600px){#us_grid_1{--columns:1!important}}.layout_9012 .w-grid-item-h{}.layout_9012 .usg_post_title_1{color:var(--color-chrome-toolbar)!important;font-size:1rem!important;line-height:1.2!important;margin-bottom:1rem!important;position:static!important;background:#ffffff!important}.layout_9012 .usg_post_content_1{font-size:0.9rem!important;margin-bottom:1rem!important;position:static!important}.layout_9012 .usg_product_field_1{position:static!important}.layout_9012 .usg_post_image_1{margin-bottom:0.8rem!important;position:static!important}<\/style><div class=\"w-grid-list\">\t<article class=\"w-grid-item size_1x1 post-10597 product type-product status-publish has-post-thumbnail product_cat-1-mpx-speedcam product_cat-5000-15000-fps-en product_cat-by-resolution-pixels product_tag-topmodell first instock shipping-taxable product-type-simple\" data-id=\"10597\">\r\n\t\t<div class=\"w-grid-item-h\">\r\n\t\t\t\t\t\t<div class=\"w-post-elm post_image usg_post_image_1 smf-link\"><a href=\"https:\/\/www.hsvision.de\/en\/produkt\/by-frame-rate-fps\/5000-15000-fps-en\/nac-memrecam-acs-3-m16-2\/\" aria-label=\"nac MEMRECAM ACS-3 M16\"><img loading=\"lazy\" decoding=\"async\" width=\"300\" height=\"227\" src=\"https:\/\/www.hsvision.de\/wp-content\/uploads\/2023\/10\/acs-3-isolated.png\" class=\"attachment-large size-large wp-post-image\" alt=\"\" srcset=\"https:\/\/www.hsvision.de\/wp-content\/uploads\/2023\/10\/acs-3-isolated.png 300w, https:\/\/www.hsvision.de\/wp-content\/uploads\/2023\/10\/acs-3-isolated-50x38.png 50w, https:\/\/www.hsvision.de\/wp-content\/uploads\/2023\/10\/acs-3-isolated-70x53.png 70w\" sizes=\"auto, (max-width: 300px) 100vw, 300px\" \/><\/a><\/div><h2 class=\"w-post-elm post_title usg_post_title_1 has_text_color woocommerce-loop-product__title color_link_inherit\"><a href=\"https:\/\/www.hsvision.de\/en\/produkt\/by-frame-rate-fps\/5000-15000-fps-en\/nac-memrecam-acs-3-m16-2\/\">nac MEMRECAM ACS-3 M16<\/a><\/h2><div class=\"w-post-elm post_content usg_post_content_1\">Main Features 1280 X 896 (1M Pixel) Megapixel resolution at 16,000fps \/ 30,000fps (Boost Mode) \/ 50,000fps (Boost4 Mode) Color&hellip;<\/div><\/a>\t\t<\/div>\r\n\t\t\t<\/article>\r\n\t<article class=\"w-grid-item size_1x1 post-10413 product type-product status-publish has-post-thumbnail product_cat-15000-fps-en product_cat-1-mpx-speedcam product_cat-by-resolution-pixels  instock shipping-taxable product-type-simple\" data-id=\"10413\">\r\n\t\t<div class=\"w-grid-item-h\">\r\n\t\t\t\t\t\t<div class=\"w-post-elm post_image usg_post_image_1 smf-link\"><a href=\"https:\/\/www.hsvision.de\/en\/produkt\/by-frame-rate-fps\/15000-fps-en\/nac-memrecam-acs-1-m40\/\" aria-label=\"nac MEMRECAM ACS-1 M40\"><img loading=\"lazy\" decoding=\"async\" width=\"300\" height=\"255\" src=\"https:\/\/www.hsvision.de\/wp-content\/uploads\/2023\/10\/ACS1.png\" class=\"attachment-large size-large wp-post-image\" alt=\"ACS1\" srcset=\"https:\/\/www.hsvision.de\/wp-content\/uploads\/2023\/10\/ACS1.png 300w, https:\/\/www.hsvision.de\/wp-content\/uploads\/2023\/10\/ACS1-50x43.png 50w, https:\/\/www.hsvision.de\/wp-content\/uploads\/2023\/10\/ACS1-70x60.png 70w\" sizes=\"auto, (max-width: 300px) 100vw, 300px\" \/><\/a><\/div><h2 class=\"w-post-elm post_title usg_post_title_1 has_text_color woocommerce-loop-product__title color_link_inherit\"><a href=\"https:\/\/www.hsvision.de\/en\/produkt\/by-frame-rate-fps\/15000-fps-en\/nac-memrecam-acs-1-m40\/\">nac MEMRECAM ACS-1 M40<\/a><\/h2><div class=\"w-post-elm post_content usg_post_content_1\">Main Features 1.280 x 800 pixels @ 40.000 fps 1.280 X 896 @ 65,000 fps (In Boost Mode) 1.280 X&hellip;<\/div><\/a>\t\t<\/div>\r\n\t\t\t<\/article>\r\n\t<article class=\"w-grid-item size_1x1 post-10441 product type-product status-publish has-post-thumbnail product_cat-1-mpx-speedcam product_cat-5000-15000-fps-en product_cat-by-resolution-pixels last instock shipping-taxable product-type-simple\" data-id=\"10441\">\r\n\t\t<div class=\"w-grid-item-h\">\r\n\t\t\t\t\t\t<div class=\"w-post-elm post_image usg_post_image_1 smf-link\"><a href=\"https:\/\/www.hsvision.de\/en\/produkt\/by-frame-rate-fps\/5000-15000-fps-en\/nac-memrecam-go-12\/\" aria-label=\"nac MEMRECAM GO-12\"><img loading=\"lazy\" decoding=\"async\" width=\"200\" height=\"124\" src=\"https:\/\/www.hsvision.de\/wp-content\/uploads\/2023\/11\/MEMRECAM-GO-main.jpg\" class=\"attachment-large size-large wp-post-image\" alt=\"MEMRECAM GO main\" srcset=\"https:\/\/www.hsvision.de\/wp-content\/uploads\/2023\/11\/MEMRECAM-GO-main.jpg 200w, https:\/\/www.hsvision.de\/wp-content\/uploads\/2023\/11\/MEMRECAM-GO-main-50x31.jpg 50w, https:\/\/www.hsvision.de\/wp-content\/uploads\/2023\/11\/MEMRECAM-GO-main-70x43.jpg 70w\" sizes=\"auto, (max-width: 200px) 100vw, 200px\" \/><\/a><\/div><h2 class=\"w-post-elm post_title usg_post_title_1 has_text_color woocommerce-loop-product__title color_link_inherit\"><a href=\"https:\/\/www.hsvision.de\/en\/produkt\/by-frame-rate-fps\/5000-15000-fps-en\/nac-memrecam-go-12\/\">nac MEMRECAM GO-12<\/a><\/h2><div class=\"w-post-elm post_content usg_post_content_1\">Main Features 1.008 X 896 @ 12.000 fps Color ISO ~20.000 \/ Mono ISO ~100.000 Memory 16GB \/ 32GB \/&hellip;<\/div><\/a>\t\t<\/div>\r\n\t\t\t<\/article>\r\n\t<article class=\"w-grid-item size_1x1 post-10444 product type-product status-publish has-post-thumbnail product_cat-1-mpx-speedcam product_cat-5000-15000-fps-en product_cat-by-resolution-pixels first instock shipping-taxable product-type-simple\" data-id=\"10444\">\r\n\t\t<div class=\"w-grid-item-h\">\r\n\t\t\t\t\t\t<div class=\"w-post-elm post_image usg_post_image_1 smf-link\"><a href=\"https:\/\/www.hsvision.de\/en\/produkt\/by-frame-rate-fps\/5000-15000-fps-en\/nac-memrecam-go-9\/\" aria-label=\"nac MEMRECAM GO-9\"><img loading=\"lazy\" decoding=\"async\" width=\"200\" height=\"124\" src=\"https:\/\/www.hsvision.de\/wp-content\/uploads\/2023\/11\/MEMRECAM-GO-main.jpg\" class=\"attachment-large size-large wp-post-image\" alt=\"MEMRECAM GO main\" srcset=\"https:\/\/www.hsvision.de\/wp-content\/uploads\/2023\/11\/MEMRECAM-GO-main.jpg 200w, https:\/\/www.hsvision.de\/wp-content\/uploads\/2023\/11\/MEMRECAM-GO-main-50x31.jpg 50w, https:\/\/www.hsvision.de\/wp-content\/uploads\/2023\/11\/MEMRECAM-GO-main-70x43.jpg 70w\" sizes=\"auto, (max-width: 200px) 100vw, 200px\" \/><\/a><\/div><h2 class=\"w-post-elm post_title usg_post_title_1 has_text_color woocommerce-loop-product__title color_link_inherit\"><a href=\"https:\/\/www.hsvision.de\/en\/produkt\/by-frame-rate-fps\/5000-15000-fps-en\/nac-memrecam-go-9\/\">nac MEMRECAM GO-9<\/a><\/h2><div class=\"w-post-elm post_content usg_post_content_1\">Main Features 1.008 X 896 @ 9.000 fps Color ISO ~20.000 \/ Mono ISO ~100.000 Memory 16GB \/ 32GB \/&hellip;<\/div><\/a>\t\t<\/div>\r\n\t\t\t<\/article>\r\n\t<article class=\"w-grid-item size_1x1 post-10490 product type-product status-publish has-post-thumbnail product_cat-1-mpx-speedcam product_cat-1000-5000-fps-en product_cat-by-frame-rate-fps product_cat-by-resolution-pixels  instock shipping-taxable product-type-simple\" data-id=\"10490\">\r\n\t\t<div class=\"w-grid-item-h\">\r\n\t\t\t\t\t\t<div class=\"w-post-elm post_image usg_post_image_1 smf-link\"><a href=\"https:\/\/www.hsvision.de\/en\/produkt\/by-frame-rate-fps\/1000-5000-fps-en\/aos-m-vit-4000\/\" aria-label=\"AOS M-VIT 4000\"><img loading=\"lazy\" decoding=\"async\" width=\"939\" height=\"653\" src=\"https:\/\/www.hsvision.de\/wp-content\/uploads\/2023\/11\/csm_L-VIT_front_small_402d0bdba6.png\" class=\"attachment-large size-large wp-post-image\" alt=\"csm L VIT front small 402d0bdba6\" srcset=\"https:\/\/www.hsvision.de\/wp-content\/uploads\/2023\/11\/csm_L-VIT_front_small_402d0bdba6.png 939w, https:\/\/www.hsvision.de\/wp-content\/uploads\/2023\/11\/csm_L-VIT_front_small_402d0bdba6-600x417.png 600w, https:\/\/www.hsvision.de\/wp-content\/uploads\/2023\/11\/csm_L-VIT_front_small_402d0bdba6-300x209.png 300w, https:\/\/www.hsvision.de\/wp-content\/uploads\/2023\/11\/csm_L-VIT_front_small_402d0bdba6-220x154.png 220w, https:\/\/www.hsvision.de\/wp-content\/uploads\/2023\/11\/csm_L-VIT_front_small_402d0bdba6-50x35.png 50w, https:\/\/www.hsvision.de\/wp-content\/uploads\/2023\/11\/csm_L-VIT_front_small_402d0bdba6-575x400.png 575w, https:\/\/www.hsvision.de\/wp-content\/uploads\/2023\/11\/csm_L-VIT_front_small_402d0bdba6-70x49.png 70w\" sizes=\"auto, (max-width: 939px) 100vw, 939px\" \/><\/a><\/div><h2 class=\"w-post-elm post_title usg_post_title_1 has_text_color woocommerce-loop-product__title color_link_inherit\"><a href=\"https:\/\/www.hsvision.de\/en\/produkt\/by-frame-rate-fps\/1000-5000-fps-en\/aos-m-vit-4000\/\">AOS M-VIT 4000<\/a><\/h2><div class=\"w-post-elm post_content usg_post_content_1\">Main Features 1280&#215;864 pixel @\u00a0 3.716 fps 1280&#215;256 pixel @ 12.207 fps Color ISO ~6.000 \/ Mono ISO ~10.000 Memory\u00a0&hellip;<\/div><\/a>\t\t<\/div>\r\n\t\t\t<\/article>\r\n\t<article class=\"w-grid-item size_1x1 post-10893 product type-product status-publish has-post-thumbnail product_cat-1000-fps product_cat-1-mpx-speedcam last instock shipping-taxable product-type-simple\" data-id=\"10893\">\r\n\t\t<div class=\"w-grid-item-h\">\r\n\t\t\t\t\t\t<div class=\"w-post-elm post_image usg_post_image_1 smf-link\"><a href=\"https:\/\/www.hsvision.de\/en\/produkt\/nach-aufloesung-pixel\/1-mpx-speedcam\/aos-promon-scope-g4\/\" aria-label=\"AOS PROMON SCOPE G4\"><img loading=\"lazy\" decoding=\"async\" width=\"939\" height=\"626\" src=\"https:\/\/www.hsvision.de\/wp-content\/uploads\/2024\/01\/csm_PROMON_Scope_G4_small_bcb977dd8d.png\" class=\"attachment-large size-large wp-post-image\" alt=\"csm_PROMON_Scope_G4_small_bcb977dd8d\" srcset=\"https:\/\/www.hsvision.de\/wp-content\/uploads\/2024\/01\/csm_PROMON_Scope_G4_small_bcb977dd8d.png 939w, https:\/\/www.hsvision.de\/wp-content\/uploads\/2024\/01\/csm_PROMON_Scope_G4_small_bcb977dd8d-600x400.png 600w, https:\/\/www.hsvision.de\/wp-content\/uploads\/2024\/01\/csm_PROMON_Scope_G4_small_bcb977dd8d-300x200.png 300w, https:\/\/www.hsvision.de\/wp-content\/uploads\/2024\/01\/csm_PROMON_Scope_G4_small_bcb977dd8d-50x33.png 50w, https:\/\/www.hsvision.de\/wp-content\/uploads\/2024\/01\/csm_PROMON_Scope_G4_small_bcb977dd8d-70x47.png 70w\" sizes=\"auto, (max-width: 939px) 100vw, 939px\" \/><\/a><\/div><h2 class=\"w-post-elm post_title usg_post_title_1 has_text_color woocommerce-loop-product__title color_link_inherit\"><a href=\"https:\/\/www.hsvision.de\/en\/produkt\/nach-aufloesung-pixel\/1-mpx-speedcam\/aos-promon-scope-g4\/\">AOS PROMON SCOPE G4<\/a><\/h2><div class=\"w-post-elm post_content usg_post_content_1\">Haupteigenschaften Unterst\u00fctzt bis zu zwei Kamerak\u00f6pfe Ideal f\u00fcr die industrielle Fehlersuche Die Batterie h\u00e4lt bis zu 3,5 Stunden mit einer&hellip;<\/div><\/a>\t\t<\/div>\r\n\t\t\t<\/article>\r\n\t<article class=\"w-grid-item size_1x1 post-10950 product type-product status-publish has-post-thumbnail product_cat-15000-fps-en product_cat-1-mpx-speedcam first instock shipping-taxable product-type-simple\" data-id=\"10950\">\r\n\t\t<div class=\"w-grid-item-h\">\r\n\t\t\t\t\t\t<div class=\"w-post-elm post_image usg_post_image_1 smf-link\"><a href=\"https:\/\/www.hsvision.de\/en\/produkt\/by-frame-rate-fps\/15000-fps-en\/nac-memrecam-acs-1-m30\/\" aria-label=\"nac MEMRECAM ACS-1 M30\"><img loading=\"lazy\" decoding=\"async\" width=\"300\" height=\"255\" src=\"https:\/\/www.hsvision.de\/wp-content\/uploads\/2023\/10\/ACS1.png\" class=\"attachment-large size-large wp-post-image\" alt=\"ACS1\" srcset=\"https:\/\/www.hsvision.de\/wp-content\/uploads\/2023\/10\/ACS1.png 300w, https:\/\/www.hsvision.de\/wp-content\/uploads\/2023\/10\/ACS1-50x43.png 50w, https:\/\/www.hsvision.de\/wp-content\/uploads\/2023\/10\/ACS1-70x60.png 70w\" sizes=\"auto, (max-width: 300px) 100vw, 300px\" \/><\/a><\/div><h2 class=\"w-post-elm post_title usg_post_title_1 has_text_color woocommerce-loop-product__title color_link_inherit\"><a href=\"https:\/\/www.hsvision.de\/en\/produkt\/by-frame-rate-fps\/15000-fps-en\/nac-memrecam-acs-1-m30\/\">nac MEMRECAM ACS-1 M30<\/a><\/h2><div class=\"w-post-elm post_content usg_post_content_1\">Main Features 1.280 x 800 pixels @ 30.000 fps 1.280 X 896 @ 50,000 fps (In Boost Mode) Color ISO&hellip;<\/div><\/a>\t\t<\/div>\r\n\t\t\t<\/article>\r\n\t<article class=\"w-grid-item size_1x1 post-10964 product type-product status-publish has-post-thumbnail product_cat-1-mpx-speedcam product_cat-1000-5000-fps-en product_cat-by-frame-rate-fps  instock shipping-taxable product-type-simple\" data-id=\"10964\">\r\n\t\t<div class=\"w-grid-item-h\">\r\n\t\t\t\t\t\t<div class=\"w-post-elm post_image usg_post_image_1 smf-link\"><a href=\"https:\/\/www.hsvision.de\/en\/produkt\/by-frame-rate-fps\/1000-5000-fps-en\/aos-m-pri\/\" aria-label=\"AOS M-PRI\"><img loading=\"lazy\" decoding=\"async\" width=\"448\" height=\"325\" src=\"https:\/\/www.hsvision.de\/wp-content\/uploads\/2024\/02\/Pic-L-PRI-1.png\" class=\"attachment-large size-large wp-post-image\" alt=\"\" srcset=\"https:\/\/www.hsvision.de\/wp-content\/uploads\/2024\/02\/Pic-L-PRI-1.png 448w, https:\/\/www.hsvision.de\/wp-content\/uploads\/2024\/02\/Pic-L-PRI-1-300x218.png 300w, https:\/\/www.hsvision.de\/wp-content\/uploads\/2024\/02\/Pic-L-PRI-1-50x36.png 50w, https:\/\/www.hsvision.de\/wp-content\/uploads\/2024\/02\/Pic-L-PRI-1-70x51.png 70w\" sizes=\"auto, (max-width: 448px) 100vw, 448px\" \/><\/a><\/div><h2 class=\"w-post-elm post_title usg_post_title_1 has_text_color woocommerce-loop-product__title color_link_inherit\"><a href=\"https:\/\/www.hsvision.de\/en\/produkt\/by-frame-rate-fps\/1000-5000-fps-en\/aos-m-pri\/\">AOS M-PRI<\/a><\/h2><div class=\"w-post-elm post_content usg_post_content_1\">Main Features 1280&#215;800 pixel @\u00a0 4.140 fps (M-PRI 4000) 1280&#215;256 pixel @ 12.030 fps (M-PRI 4000) Color ISO ~6.000 \/&hellip;<\/div><\/a>\t\t<\/div>\r\n\t\t\t<\/article>\r\n\t<article class=\"w-grid-item size_1x1 post-10370 product type-product status-publish has-post-thumbnail product_cat-15000-fps-en product_cat-1-mpx-speedcam product_tag-topmodell last instock shipping-taxable product-type-simple\" data-id=\"10370\">\r\n\t\t<div class=\"w-grid-item-h\">\r\n\t\t\t\t\t\t<div class=\"w-post-elm post_image usg_post_image_1 smf-link\"><a href=\"https:\/\/www.hsvision.de\/en\/produkt\/by-frame-rate-fps\/15000-fps-en\/nac-memrecam-acs-1-m60-m40\/\" aria-label=\"nac MEMRECAM ACS-1 M60\"><img loading=\"lazy\" decoding=\"async\" width=\"300\" height=\"255\" src=\"https:\/\/www.hsvision.de\/wp-content\/uploads\/2023\/10\/ACS1.png\" class=\"attachment-large size-large wp-post-image\" alt=\"ACS1\" srcset=\"https:\/\/www.hsvision.de\/wp-content\/uploads\/2023\/10\/ACS1.png 300w, https:\/\/www.hsvision.de\/wp-content\/uploads\/2023\/10\/ACS1-50x43.png 50w, https:\/\/www.hsvision.de\/wp-content\/uploads\/2023\/10\/ACS1-70x60.png 70w\" sizes=\"auto, (max-width: 300px) 100vw, 300px\" \/><\/a><\/div><h2 class=\"w-post-elm post_title usg_post_title_1 has_text_color woocommerce-loop-product__title color_link_inherit\"><a href=\"https:\/\/www.hsvision.de\/en\/produkt\/by-frame-rate-fps\/15000-fps-en\/nac-memrecam-acs-1-m60-m40\/\">nac MEMRECAM ACS-1 M60<\/a><\/h2><div class=\"w-post-elm post_content usg_post_content_1\">Main features 1.280 x 800 Pixel @ 60,000 fps 1.280 X 896 @ 100,000 fps (In Boost Mode) 1.280 X&hellip;<\/div><\/a>\t\t<\/div>\r\n\t\t\t<\/article>\r\n<\/div><div class=\"w-grid-preloader\">\t<div class=\"g-preloader type_1\">\r\n\t\t<div><\/div>\r\n\t<\/div>\r\n\t<\/div>\t<div class=\"w-grid-json hidden\" onclick='return {&quot;action&quot;:&quot;us_ajax_grid&quot;,&quot;infinite_scroll&quot;:0,&quot;max_num_pages&quot;:1,&quot;pagination&quot;:&quot;none&quot;,&quot;template_vars&quot;:{&quot;columns&quot;:&quot;3&quot;,&quot;exclude_items&quot;:&quot;none&quot;,&quot;img_size&quot;:&quot;default&quot;,&quot;ignore_items_size&quot;:0,&quot;items_layout&quot;:&quot;9012&quot;,&quot;items_offset&quot;:&quot;1&quot;,&quot;load_animation&quot;:&quot;none&quot;,&quot;overriding_link&quot;:&quot;%7B%22url%22%3A%22%22%7D&quot;,&quot;post_id&quot;:0,&quot;query_args&quot;:{&quot;post_type&quot;:[&quot;product&quot;],&quot;tax_query&quot;:[{&quot;taxonomy&quot;:&quot;product_cat&quot;,&quot;field&quot;:&quot;slug&quot;,&quot;terms&quot;:[&quot;1-mpx-speedcam&quot;]},{&quot;taxonomy&quot;:&quot;product_visibility&quot;,&quot;field&quot;:&quot;slug&quot;,&quot;terms&quot;:[&quot;exclude-from-catalog&quot;],&quot;operator&quot;:&quot;NOT IN&quot;}],&quot;post_status&quot;:[&quot;publish&quot;,&quot;acf-disabled&quot;],&quot;meta_query&quot;:[],&quot;posts_per_page&quot;:&quot;46&quot;},&quot;orderby_query_args&quot;:{&quot;orderby&quot;:{&quot;date&quot;:&quot;ASC&quot;}},&quot;type&quot;:&quot;grid&quot;,&quot;us_grid_post_type&quot;:&quot;product&quot;,&quot;us_grid_ajax_index&quot;:1,&quot;us_grid_filter_query_string&quot;:null,&quot;us_grid_index&quot;:1,&quot;page_args&quot;:[],&quot;lang&quot;:&quot;en&quot;}}'><\/div>\r\n\t<\/div><\/div><\/div><\/div><\/div><\/section>\n","protected":false},"excerpt":{"rendered":"Downloads ACS1-M30\/M40\/M60 Data Sheet Download &nbsp; High Speed and High Resolution The ACS-1 M60 offers a full-screen resolution of 1280 x 896 at a maximum frame rate of 54,000 fps and a resolution of 1280 x 800 at 60,000 fps. In normal mode, a resolution of 1280 x 448 is possible with a frame rate...","protected":false},"author":1,"featured_media":0,"parent":11784,"menu_order":1,"comment_status":"closed","ping_status":"closed","template":"","meta":{"_acf_changed":false,"footnotes":""},"class_list":["post-9137","page","type-page","status-publish","hentry"],"acf":[],"aioseo_notices":[],"_links":{"self":[{"href":"https:\/\/www.hsvision.de\/en\/wp-json\/wp\/v2\/pages\/9137","targetHints":{"allow":["GET"]}}],"collection":[{"href":"https:\/\/www.hsvision.de\/en\/wp-json\/wp\/v2\/pages"}],"about":[{"href":"https:\/\/www.hsvision.de\/en\/wp-json\/wp\/v2\/types\/page"}],"author":[{"embeddable":true,"href":"https:\/\/www.hsvision.de\/en\/wp-json\/wp\/v2\/users\/1"}],"replies":[{"embeddable":true,"href":"https:\/\/www.hsvision.de\/en\/wp-json\/wp\/v2\/comments?post=9137"}],"version-history":[{"count":7,"href":"https:\/\/www.hsvision.de\/en\/wp-json\/wp\/v2\/pages\/9137\/revisions"}],"predecessor-version":[{"id":12086,"href":"https:\/\/www.hsvision.de\/en\/wp-json\/wp\/v2\/pages\/9137\/revisions\/12086"}],"up":[{"embeddable":true,"href":"https:\/\/www.hsvision.de\/en\/wp-json\/wp\/v2\/pages\/11784"}],"wp:attachment":[{"href":"https:\/\/www.hsvision.de\/en\/wp-json\/wp\/v2\/media?parent=9137"}],"curies":[{"name":"wp","href":"https:\/\/api.w.org\/{rel}","templated":true}]}}