{"id":11845,"date":"2025-06-12T13:48:08","date_gmt":"2025-06-12T11:48:08","guid":{"rendered":"https:\/\/www.hsvision.de\/?page_id=11845"},"modified":"2025-09-11T16:34:18","modified_gmt":"2025-09-11T14:34:18","slug":"accessories","status":"publish","type":"page","link":"https:\/\/www.hsvision.de\/en\/products\/accessories\/","title":{"rendered":"Accessories"},"content":{"rendered":"<section class=\"l-section wpb_row height_custom\"><div class=\"l-section-h i-cf\"><div class=\"g-cols vc_row via_grid cols_1 laptops-cols_inherit tablets-cols_inherit mobiles-cols_1 valign_top type_default stacking_default\"><div class=\"wpb_column vc_column_container\"><div class=\"vc_column-inner\"><h1 class=\"w-post-elm post_title entry-title\">Accessories<\/h1><div class=\"w-separator size_medium\"><\/div><div class=\"w-grid type_grid layout_9012 smf-produkt cols_3\" id=\"us_grid_1\" style=\"--columns:3;--gap:1.5rem;\" data-filterable=\"true\"><style>@media (max-width:1024px){#us_grid_1{--columns:2!important}}@media (max-width:600px){#us_grid_1{--columns:1!important}}.layout_9012 .w-grid-item-h{}.layout_9012 .usg_post_title_1{color:var(--color-chrome-toolbar)!important;font-size:1rem!important;line-height:1.2!important;margin-bottom:1rem!important;position:static!important;background:#ffffff!important}.layout_9012 .usg_post_content_1{font-size:0.9rem!important;margin-bottom:1rem!important;position:static!important}.layout_9012 .usg_product_field_1{position:static!important}.layout_9012 .usg_post_image_1{margin-bottom:0.8rem!important;position:static!important}<\/style><div class=\"w-grid-list\">\t<article class=\"w-grid-item size_1x1 post-9462 product type-product status-publish has-post-thumbnail product_cat-netzwerkkomponenten-en first instock shipping-taxable product-type-simple\" data-id=\"9462\">\r\n\t\t<div class=\"w-grid-item-h\">\r\n\t\t\t\t\t\t<div class=\"w-post-elm post_image usg_post_image_1 smf-link\"><a href=\"https:\/\/www.hsvision.de\/en\/produkt\/netzwerkkomponenten-en\/hsv-linkbox\/\" aria-label=\"HSV LinkBox\"><img loading=\"lazy\" decoding=\"async\" width=\"1024\" height=\"1024\" src=\"https:\/\/www.hsvision.de\/wp-content\/uploads\/2023\/07\/linkbox-von-vorne_small-1024x1024.webp\" class=\"attachment-large size-large wp-post-image\" alt=\"linkbox von vorne small\" srcset=\"https:\/\/www.hsvision.de\/wp-content\/uploads\/2023\/07\/linkbox-von-vorne_small-1024x1024.webp 1024w, https:\/\/www.hsvision.de\/wp-content\/uploads\/2023\/07\/linkbox-von-vorne_small-300x300.webp 300w, https:\/\/www.hsvision.de\/wp-content\/uploads\/2023\/07\/linkbox-von-vorne_small-150x150.webp 150w, https:\/\/www.hsvision.de\/wp-content\/uploads\/2023\/07\/linkbox-von-vorne_small-600x600.webp 600w, https:\/\/www.hsvision.de\/wp-content\/uploads\/2023\/07\/linkbox-von-vorne_small-50x50.webp 50w, https:\/\/www.hsvision.de\/wp-content\/uploads\/2023\/07\/linkbox-von-vorne_small-400x400.webp 400w, https:\/\/www.hsvision.de\/wp-content\/uploads\/2023\/07\/linkbox-von-vorne_small-70x70.webp 70w, https:\/\/www.hsvision.de\/wp-content\/uploads\/2023\/07\/linkbox-von-vorne_small-370x370.webp 370w, https:\/\/www.hsvision.de\/wp-content\/uploads\/2023\/07\/linkbox-von-vorne_small.webp 1048w\" sizes=\"auto, (max-width: 1024px) 100vw, 1024px\" \/><\/a><\/div><h2 class=\"w-post-elm post_title usg_post_title_1 has_text_color woocommerce-loop-product__title color_link_inherit\"><a href=\"https:\/\/www.hsvision.de\/en\/produkt\/netzwerkkomponenten-en\/hsv-linkbox\/\">HSV LinkBox<\/a><\/h2><div class=\"w-post-elm post_content usg_post_content_1\">Optionen High-G edition, 100G\/20ms for high mechanical loads. Rechargeable battery pack for safeguarding camera data in the event of a&hellip;<\/div><\/a>\t\t<\/div>\r\n\t\t\t<\/article>\r\n\t<article class=\"w-grid-item size_1x1 post-9469 product type-product status-publish has-post-thumbnail product_cat-netzwerkkomponenten-en  instock shipping-taxable product-type-simple\" data-id=\"9469\">\r\n\t\t<div class=\"w-grid-item-h\">\r\n\t\t\t\t\t\t<div class=\"w-post-elm post_image usg_post_image_1 smf-link\"><a href=\"https:\/\/www.hsvision.de\/en\/produkt\/netzwerkkomponenten-en\/wallbox\/\" aria-label=\"Wallbox\"><img loading=\"lazy\" decoding=\"async\" width=\"800\" height=\"800\" src=\"https:\/\/www.hsvision.de\/wp-content\/uploads\/2023\/07\/wallbox.webp\" class=\"attachment-large size-large wp-post-image\" alt=\"Wallbox\" srcset=\"https:\/\/www.hsvision.de\/wp-content\/uploads\/2023\/07\/wallbox.webp 800w, https:\/\/www.hsvision.de\/wp-content\/uploads\/2023\/07\/wallbox-300x300.webp 300w, https:\/\/www.hsvision.de\/wp-content\/uploads\/2023\/07\/wallbox-150x150.webp 150w, https:\/\/www.hsvision.de\/wp-content\/uploads\/2023\/07\/wallbox-600x600.webp 600w, https:\/\/www.hsvision.de\/wp-content\/uploads\/2023\/07\/wallbox-50x50.webp 50w, https:\/\/www.hsvision.de\/wp-content\/uploads\/2023\/07\/wallbox-400x400.webp 400w, https:\/\/www.hsvision.de\/wp-content\/uploads\/2023\/07\/wallbox-70x70.webp 70w, https:\/\/www.hsvision.de\/wp-content\/uploads\/2023\/07\/wallbox-370x370.webp 370w\" sizes=\"auto, (max-width: 800px) 100vw, 800px\" \/><\/a><\/div><h2 class=\"w-post-elm post_title usg_post_title_1 has_text_color woocommerce-loop-product__title color_link_inherit\"><a href=\"https:\/\/www.hsvision.de\/en\/produkt\/netzwerkkomponenten-en\/wallbox\/\">Wallbox<\/a><\/h2><div class=\"w-post-elm post_content usg_post_content_1\">The HSV-Wall Box supplies up to 6 high-speed cameras centrally. The cabling to the cameras is reduced to a minimum, since all signals, voltages and the Gigabit Ethernet network are&hellip;<\/div><\/a>\t\t<\/div>\r\n\t\t\t<\/article>\r\n\t<article class=\"w-grid-item size_1x1 post-9497 product type-product status-publish has-post-thumbnail product_cat-lenses last instock shipping-taxable product-type-simple\" data-id=\"9497\">\r\n\t\t<div class=\"w-grid-item-h\">\r\n\t\t\t\t\t\t<div class=\"w-post-elm post_image usg_post_image_1 smf-link\"><a href=\"https:\/\/www.hsvision.de\/en\/produkt\/lenses\/zeiss-industrial-lenses-f-mount\/\" aria-label=\"Zeiss Industrial Lenses F-Mount\"><img loading=\"lazy\" decoding=\"async\" width=\"564\" height=\"564\" src=\"https:\/\/www.hsvision.de\/wp-content\/uploads\/2023\/07\/Zeiss-Interlock-F-Mount.webp\" class=\"attachment-large size-large wp-post-image\" alt=\"Zeiss Interlock F Mount\" srcset=\"https:\/\/www.hsvision.de\/wp-content\/uploads\/2023\/07\/Zeiss-Interlock-F-Mount.webp 564w, https:\/\/www.hsvision.de\/wp-content\/uploads\/2023\/07\/Zeiss-Interlock-F-Mount-300x300.webp 300w, https:\/\/www.hsvision.de\/wp-content\/uploads\/2023\/07\/Zeiss-Interlock-F-Mount-150x150.webp 150w, https:\/\/www.hsvision.de\/wp-content\/uploads\/2023\/07\/Zeiss-Interlock-F-Mount-50x50.webp 50w, https:\/\/www.hsvision.de\/wp-content\/uploads\/2023\/07\/Zeiss-Interlock-F-Mount-400x400.webp 400w, https:\/\/www.hsvision.de\/wp-content\/uploads\/2023\/07\/Zeiss-Interlock-F-Mount-70x70.webp 70w, https:\/\/www.hsvision.de\/wp-content\/uploads\/2023\/07\/Zeiss-Interlock-F-Mount-370x370.webp 370w\" sizes=\"auto, (max-width: 564px) 100vw, 564px\" \/><\/a><\/div><h2 class=\"w-post-elm post_title usg_post_title_1 has_text_color woocommerce-loop-product__title color_link_inherit\"><a href=\"https:\/\/www.hsvision.de\/en\/produkt\/lenses\/zeiss-industrial-lenses-f-mount\/\">Zeiss Industrial Lenses F-Mount<\/a><\/h2><div class=\"w-post-elm post_content usg_post_content_1\">Zeiss Interlock with locking screws Zeiss Interlock 2.8\/15mm ZF.2 Close-up limit: 90 mm F-Mount Filter Thread M95 x 1.0 Art. Nr.:000000-2189-190 Zeiss Interlock 2.8\/18mm ZF.2 Close-up limit: 120 mm F-Mount&hellip;<\/div><\/a>\t\t<\/div>\r\n\t\t\t<\/article>\r\n\t<article class=\"w-grid-item size_1x1 post-9503 product type-product status-publish has-post-thumbnail product_cat-lenses first instock shipping-taxable product-type-simple\" data-id=\"9503\">\r\n\t\t<div class=\"w-grid-item-h\">\r\n\t\t\t\t\t\t<div class=\"w-post-elm post_image usg_post_image_1 smf-link\"><a href=\"https:\/\/www.hsvision.de\/en\/produkt\/lenses\/kowa-festbrennweiten\/\" aria-label=\"KOWA Festbrennweiten\"><img loading=\"lazy\" decoding=\"async\" width=\"564\" height=\"564\" src=\"https:\/\/www.hsvision.de\/wp-content\/uploads\/2023\/07\/kowa_festbrennwe-1.webp\" class=\"attachment-large size-large wp-post-image\" alt=\"kowa festbrennwe 1\" srcset=\"https:\/\/www.hsvision.de\/wp-content\/uploads\/2023\/07\/kowa_festbrennwe-1.webp 564w, https:\/\/www.hsvision.de\/wp-content\/uploads\/2023\/07\/kowa_festbrennwe-1-300x300.webp 300w, https:\/\/www.hsvision.de\/wp-content\/uploads\/2023\/07\/kowa_festbrennwe-1-150x150.webp 150w, https:\/\/www.hsvision.de\/wp-content\/uploads\/2023\/07\/kowa_festbrennwe-1-50x50.webp 50w, https:\/\/www.hsvision.de\/wp-content\/uploads\/2023\/07\/kowa_festbrennwe-1-400x400.webp 400w, https:\/\/www.hsvision.de\/wp-content\/uploads\/2023\/07\/kowa_festbrennwe-1-70x70.webp 70w, https:\/\/www.hsvision.de\/wp-content\/uploads\/2023\/07\/kowa_festbrennwe-1-370x370.webp 370w\" sizes=\"auto, (max-width: 564px) 100vw, 564px\" \/><\/a><\/div><h2 class=\"w-post-elm post_title usg_post_title_1 has_text_color woocommerce-loop-product__title color_link_inherit\"><a href=\"https:\/\/www.hsvision.de\/en\/produkt\/lenses\/kowa-festbrennweiten\/\">KOWA Festbrennweiten<\/a><\/h2><div class=\"w-post-elm post_content usg_post_content_1\">C-Mount, Mit Fixierschrauben f\u00fcr Blende und Focus Festbrennweite 6 mm f1,4 (f\u00fcr 1&#8243; Sensoren) Naheinstellgrenze 10 cm Festbrennweite 8 mm f1,4 (f\u00fcr 1&#8243; Sensoren) Naheinstellgrenze 10cm Festbrennweite 12,5 mm f1,4&hellip;<\/div><\/a>\t\t<\/div>\r\n\t\t\t<\/article>\r\n\t<article class=\"w-grid-item size_1x1 post-9509 product type-product status-publish has-post-thumbnail product_cat-lenses  instock shipping-taxable product-type-simple\" data-id=\"9509\">\r\n\t\t<div class=\"w-grid-item-h\">\r\n\t\t\t\t\t\t<div class=\"w-post-elm post_image usg_post_image_1 smf-link\"><a href=\"https:\/\/www.hsvision.de\/en\/produkt\/lenses\/zeiss-industrial-lenses-c-mount\/\" aria-label=\"Zeiss Industrial Lenses C-Mount\"><img loading=\"lazy\" decoding=\"async\" width=\"803\" height=\"803\" src=\"https:\/\/www.hsvision.de\/wp-content\/uploads\/2023\/07\/Zeiss-Industrial-Objektive8.webp\" class=\"attachment-large size-large wp-post-image\" alt=\"Zeiss Industrial Objektive8\" srcset=\"https:\/\/www.hsvision.de\/wp-content\/uploads\/2023\/07\/Zeiss-Industrial-Objektive8.webp 803w, https:\/\/www.hsvision.de\/wp-content\/uploads\/2023\/07\/Zeiss-Industrial-Objektive8-300x300.webp 300w, https:\/\/www.hsvision.de\/wp-content\/uploads\/2023\/07\/Zeiss-Industrial-Objektive8-150x150.webp 150w, https:\/\/www.hsvision.de\/wp-content\/uploads\/2023\/07\/Zeiss-Industrial-Objektive8-600x600.webp 600w, https:\/\/www.hsvision.de\/wp-content\/uploads\/2023\/07\/Zeiss-Industrial-Objektive8-50x50.webp 50w, https:\/\/www.hsvision.de\/wp-content\/uploads\/2023\/07\/Zeiss-Industrial-Objektive8-400x400.webp 400w, https:\/\/www.hsvision.de\/wp-content\/uploads\/2023\/07\/Zeiss-Industrial-Objektive8-70x70.webp 70w, https:\/\/www.hsvision.de\/wp-content\/uploads\/2023\/07\/Zeiss-Industrial-Objektive8-370x370.webp 370w\" sizes=\"auto, (max-width: 803px) 100vw, 803px\" \/><\/a><\/div><h2 class=\"w-post-elm post_title usg_post_title_1 has_text_color woocommerce-loop-product__title color_link_inherit\"><a href=\"https:\/\/www.hsvision.de\/en\/produkt\/lenses\/zeiss-industrial-lenses-c-mount\/\">Zeiss Industrial Lenses C-Mount<\/a><\/h2><div class=\"w-post-elm post_content usg_post_content_1\">Zeiss Dimension for 4\/3\u201c sensors, High G and Vibration Zeiss Dimension 2,8\/8mm (for 4\/3&#8243; Sensors) Close-up limit: 102 mm Shock resistance: 100g Vibration resistance: 1,6g (20\u2026500Hz) Art. Nr.: 000000-2229-922 Zeiss&hellip;<\/div><\/a>\t\t<\/div>\r\n\t\t\t<\/article>\r\n\t<article class=\"w-grid-item size_1x1 post-9515 product type-product status-publish has-post-thumbnail product_cat-tripods last instock shipping-taxable product-type-simple\" data-id=\"9515\">\r\n\t\t<div class=\"w-grid-item-h\">\r\n\t\t\t\t\t\t<div class=\"w-post-elm post_image usg_post_image_1 smf-link\"><a href=\"https:\/\/www.hsvision.de\/en\/produkt\/tripods\/manfrotto-stativ-055xprob\/\" aria-label=\"Manfrotto Stativ 055XPROB\"><img loading=\"lazy\" decoding=\"async\" width=\"346\" height=\"346\" src=\"https:\/\/www.hsvision.de\/wp-content\/uploads\/2023\/07\/manfrotto_stativ_055xprob.webp\" class=\"attachment-large size-large wp-post-image\" alt=\"manfrotto stativ 055xprob\" srcset=\"https:\/\/www.hsvision.de\/wp-content\/uploads\/2023\/07\/manfrotto_stativ_055xprob.webp 346w, https:\/\/www.hsvision.de\/wp-content\/uploads\/2023\/07\/manfrotto_stativ_055xprob-300x300.webp 300w, https:\/\/www.hsvision.de\/wp-content\/uploads\/2023\/07\/manfrotto_stativ_055xprob-150x150.webp 150w, https:\/\/www.hsvision.de\/wp-content\/uploads\/2023\/07\/manfrotto_stativ_055xprob-50x50.webp 50w, https:\/\/www.hsvision.de\/wp-content\/uploads\/2023\/07\/manfrotto_stativ_055xprob-70x70.webp 70w\" sizes=\"auto, (max-width: 346px) 100vw, 346px\" \/><\/a><\/div><h2 class=\"w-post-elm post_title usg_post_title_1 has_text_color woocommerce-loop-product__title color_link_inherit\"><a href=\"https:\/\/www.hsvision.de\/en\/produkt\/tripods\/manfrotto-stativ-055xprob\/\">Manfrotto Stativ 055XPROB<\/a><\/h2><div class=\"w-post-elm post_content usg_post_content_1\">Main Features Length closed: 65.5 cm Height min.: 10 cm Height max.: 178.5 cm Weight: 1.8 kg Load: 7.0 kg&hellip;<\/div><\/a>\t\t<\/div>\r\n\t\t\t<\/article>\r\n\t<article class=\"w-grid-item size_1x1 post-9521 product type-product status-publish has-post-thumbnail product_cat-tripods first instock shipping-taxable product-type-simple\" data-id=\"9521\">\r\n\t\t<div class=\"w-grid-item-h\">\r\n\t\t\t\t\t\t<div class=\"w-post-elm post_image usg_post_image_1 smf-link\"><a href=\"https:\/\/www.hsvision.de\/en\/produkt\/tripods\/manfrotto-3d-getriebeneiger-b-410\/\" aria-label=\"Manfrotto 3D Getriebeneiger B-410\"><img loading=\"lazy\" decoding=\"async\" width=\"347\" height=\"347\" src=\"https:\/\/www.hsvision.de\/wp-content\/uploads\/2023\/07\/manfrotto_3d_get_b-410-1.webp\" class=\"attachment-large size-large wp-post-image\" alt=\"manfrotto 3d get b 410 1\" srcset=\"https:\/\/www.hsvision.de\/wp-content\/uploads\/2023\/07\/manfrotto_3d_get_b-410-1.webp 347w, https:\/\/www.hsvision.de\/wp-content\/uploads\/2023\/07\/manfrotto_3d_get_b-410-1-300x300.webp 300w, https:\/\/www.hsvision.de\/wp-content\/uploads\/2023\/07\/manfrotto_3d_get_b-410-1-150x150.webp 150w, https:\/\/www.hsvision.de\/wp-content\/uploads\/2023\/07\/manfrotto_3d_get_b-410-1-50x50.webp 50w, https:\/\/www.hsvision.de\/wp-content\/uploads\/2023\/07\/manfrotto_3d_get_b-410-1-70x70.webp 70w\" sizes=\"auto, (max-width: 347px) 100vw, 347px\" \/><\/a><\/div><h2 class=\"w-post-elm post_title usg_post_title_1 has_text_color woocommerce-loop-product__title color_link_inherit\"><a href=\"https:\/\/www.hsvision.de\/en\/produkt\/tripods\/manfrotto-3d-getriebeneiger-b-410\/\">Manfrotto 3D Getriebeneiger B-410<\/a><\/h2><div class=\"w-post-elm post_content usg_post_content_1\">Main Features Height : 13.0 cm Weight : 1.2 kg Load : 5.0 kg Panorama rotation : 360 \u00b0 Material&hellip;<\/div><\/a>\t\t<\/div>\r\n\t\t\t<\/article>\r\n\t<article class=\"w-grid-item size_1x1 post-9527 product type-product status-publish has-post-thumbnail product_cat-tripods  instock shipping-taxable product-type-simple\" data-id=\"9527\">\r\n\t\t<div class=\"w-grid-item-h\">\r\n\t\t\t\t\t\t<div class=\"w-post-elm post_image usg_post_image_1 smf-link\"><a href=\"https:\/\/www.hsvision.de\/en\/produkt\/tripods\/manfrotto-3d-getriebeneiger-405\/\" aria-label=\"Manfrotto 3D Getriebeneiger 405\"><img loading=\"lazy\" decoding=\"async\" width=\"345\" height=\"346\" src=\"https:\/\/www.hsvision.de\/wp-content\/uploads\/2023\/07\/manfrotto_3d_get_405.webp\" class=\"attachment-large size-large wp-post-image\" alt=\"manfrotto 3d get 405\" srcset=\"https:\/\/www.hsvision.de\/wp-content\/uploads\/2023\/07\/manfrotto_3d_get_405.webp 345w, https:\/\/www.hsvision.de\/wp-content\/uploads\/2023\/07\/manfrotto_3d_get_405-300x300.webp 300w, https:\/\/www.hsvision.de\/wp-content\/uploads\/2023\/07\/manfrotto_3d_get_405-150x150.webp 150w, https:\/\/www.hsvision.de\/wp-content\/uploads\/2023\/07\/manfrotto_3d_get_405-50x50.webp 50w, https:\/\/www.hsvision.de\/wp-content\/uploads\/2023\/07\/manfrotto_3d_get_405-70x70.webp 70w\" sizes=\"auto, (max-width: 345px) 100vw, 345px\" \/><\/a><\/div><h2 class=\"w-post-elm post_title usg_post_title_1 has_text_color woocommerce-loop-product__title color_link_inherit\"><a href=\"https:\/\/www.hsvision.de\/en\/produkt\/tripods\/manfrotto-3d-getriebeneiger-405\/\">Manfrotto 3D Getriebeneiger 405<\/a><\/h2><div class=\"w-post-elm post_content usg_post_content_1\">Main Features Height : 16.0 cm Weight : 1.6 kg Load : 7.5 kg Panorama rotation : 360 \u00b0 Material&hellip;<\/div><\/a>\t\t<\/div>\r\n\t\t\t<\/article>\r\n\t<article class=\"w-grid-item size_1x1 post-9533 product type-product status-publish has-post-thumbnail product_cat-tripods last instock shipping-taxable product-type-simple\" data-id=\"9533\">\r\n\t\t<div class=\"w-grid-item-h\">\r\n\t\t\t\t\t\t<div class=\"w-post-elm post_image usg_post_image_1 smf-link\"><a href=\"https:\/\/www.hsvision.de\/en\/produkt\/tripods\/manfrotto-stativ-mt057c4-g\/\" aria-label=\"Manfrotto Stativ MT057C4-G\"><img loading=\"lazy\" decoding=\"async\" width=\"346\" height=\"346\" src=\"https:\/\/www.hsvision.de\/wp-content\/uploads\/2023\/07\/manfrotto_stativ_mt057c4-g.webp\" class=\"attachment-large size-large wp-post-image\" alt=\"manfrotto stativ mt057c4 g\" srcset=\"https:\/\/www.hsvision.de\/wp-content\/uploads\/2023\/07\/manfrotto_stativ_mt057c4-g.webp 346w, https:\/\/www.hsvision.de\/wp-content\/uploads\/2023\/07\/manfrotto_stativ_mt057c4-g-300x300.webp 300w, https:\/\/www.hsvision.de\/wp-content\/uploads\/2023\/07\/manfrotto_stativ_mt057c4-g-150x150.webp 150w, https:\/\/www.hsvision.de\/wp-content\/uploads\/2023\/07\/manfrotto_stativ_mt057c4-g-50x50.webp 50w, https:\/\/www.hsvision.de\/wp-content\/uploads\/2023\/07\/manfrotto_stativ_mt057c4-g-70x70.webp 70w\" sizes=\"auto, (max-width: 346px) 100vw, 346px\" \/><\/a><\/div><h2 class=\"w-post-elm post_title usg_post_title_1 has_text_color woocommerce-loop-product__title color_link_inherit\"><a href=\"https:\/\/www.hsvision.de\/en\/produkt\/tripods\/manfrotto-stativ-mt057c4-g\/\">Manfrotto Stativ MT057C4-G<\/a><\/h2><div class=\"w-post-elm post_content usg_post_content_1\">Main Features Length closed: 66.5 cm Height min.: 23 cm Height max.: 205 cm Weight : 3.7 kg Load :&hellip;<\/div><\/a>\t\t<\/div>\r\n\t\t\t<\/article>\r\n\t<article class=\"w-grid-item size_1x1 post-9539 product type-product status-publish has-post-thumbnail product_cat-tripods first instock shipping-taxable product-type-simple\" data-id=\"9539\">\r\n\t\t<div class=\"w-grid-item-h\">\r\n\t\t\t\t\t\t<div class=\"w-post-elm post_image usg_post_image_1 smf-link\"><a href=\"https:\/\/www.hsvision.de\/en\/produkt\/tripods\/manfrotto-magic-arm-mit-feinnivellierung\/\" aria-label=\"Manfrotto Magic Arm mit Feinnivellierung\"><img loading=\"lazy\" decoding=\"async\" width=\"346\" height=\"346\" src=\"https:\/\/www.hsvision.de\/wp-content\/uploads\/2023\/07\/manfrotto_magic.webp\" class=\"attachment-large size-large wp-post-image\" alt=\"manfrotto magic\" srcset=\"https:\/\/www.hsvision.de\/wp-content\/uploads\/2023\/07\/manfrotto_magic.webp 346w, https:\/\/www.hsvision.de\/wp-content\/uploads\/2023\/07\/manfrotto_magic-300x300.webp 300w, https:\/\/www.hsvision.de\/wp-content\/uploads\/2023\/07\/manfrotto_magic-150x150.webp 150w, https:\/\/www.hsvision.de\/wp-content\/uploads\/2023\/07\/manfrotto_magic-50x50.webp 50w, https:\/\/www.hsvision.de\/wp-content\/uploads\/2023\/07\/manfrotto_magic-70x70.webp 70w\" sizes=\"auto, (max-width: 346px) 100vw, 346px\" \/><\/a><\/div><h2 class=\"w-post-elm post_title usg_post_title_1 has_text_color woocommerce-loop-product__title color_link_inherit\"><a href=\"https:\/\/www.hsvision.de\/en\/produkt\/tripods\/manfrotto-magic-arm-mit-feinnivellierung\/\">Manfrotto Magic Arm mit Feinnivellierung<\/a><\/h2><div class=\"w-post-elm post_content usg_post_content_1\">Main Features Superclamp included Weight: 2,55 kg Max. Load capacity: 3,0 kg Length: 53.0 cm<\/div><\/a>\t\t<\/div>\r\n\t\t\t<\/article>\r\n<\/div><div class=\"w-grid-preloader\">\t<div class=\"g-preloader type_1\">\r\n\t\t<div><\/div>\r\n\t<\/div>\r\n\t<\/div>\t<div class=\"w-grid-json hidden\" onclick='return {&quot;action&quot;:&quot;us_ajax_grid&quot;,&quot;infinite_scroll&quot;:0,&quot;max_num_pages&quot;:1,&quot;pagination&quot;:&quot;none&quot;,&quot;template_vars&quot;:{&quot;columns&quot;:&quot;3&quot;,&quot;exclude_items&quot;:&quot;none&quot;,&quot;img_size&quot;:&quot;default&quot;,&quot;ignore_items_size&quot;:0,&quot;items_layout&quot;:&quot;9012&quot;,&quot;items_offset&quot;:&quot;1&quot;,&quot;load_animation&quot;:&quot;none&quot;,&quot;overriding_link&quot;:&quot;%7B%22url%22%3A%22%22%7D&quot;,&quot;post_id&quot;:0,&quot;query_args&quot;:{&quot;post_type&quot;:[&quot;product&quot;],&quot;tax_query&quot;:[{&quot;taxonomy&quot;:&quot;product_cat&quot;,&quot;field&quot;:&quot;slug&quot;,&quot;terms&quot;:[&quot;lenses&quot;,&quot;netzwerkkomponenten-en&quot;,&quot;tripods&quot;]},{&quot;taxonomy&quot;:&quot;product_visibility&quot;,&quot;field&quot;:&quot;slug&quot;,&quot;terms&quot;:[&quot;exclude-from-catalog&quot;],&quot;operator&quot;:&quot;NOT IN&quot;}],&quot;post_status&quot;:[&quot;publish&quot;,&quot;acf-disabled&quot;],&quot;meta_query&quot;:[],&quot;posts_per_page&quot;:&quot;46&quot;},&quot;orderby_query_args&quot;:{&quot;orderby&quot;:{&quot;date&quot;:&quot;ASC&quot;}},&quot;type&quot;:&quot;grid&quot;,&quot;us_grid_post_type&quot;:&quot;product&quot;,&quot;us_grid_ajax_index&quot;:1,&quot;us_grid_filter_query_string&quot;:null,&quot;us_grid_index&quot;:1,&quot;page_args&quot;:[],&quot;lang&quot;:&quot;en&quot;}}'><\/div>\r\n\t<\/div><\/div><\/div><\/div><\/div><\/section>\n","protected":false},"excerpt":{"rendered":"","protected":false},"author":4,"featured_media":0,"parent":8675,"menu_order":0,"comment_status":"closed","ping_status":"closed","template":"","meta":{"_acf_changed":false,"footnotes":""},"class_list":["post-11845","page","type-page","status-publish","hentry"],"acf":[],"aioseo_notices":[],"_links":{"self":[{"href":"https:\/\/www.hsvision.de\/en\/wp-json\/wp\/v2\/pages\/11845","targetHints":{"allow":["GET"]}}],"collection":[{"href":"https:\/\/www.hsvision.de\/en\/wp-json\/wp\/v2\/pages"}],"about":[{"href":"https:\/\/www.hsvision.de\/en\/wp-json\/wp\/v2\/types\/page"}],"author":[{"embeddable":true,"href":"https:\/\/www.hsvision.de\/en\/wp-json\/wp\/v2\/users\/4"}],"replies":[{"embeddable":true,"href":"https:\/\/www.hsvision.de\/en\/wp-json\/wp\/v2\/comments?post=11845"}],"version-history":[{"count":5,"href":"https:\/\/www.hsvision.de\/en\/wp-json\/wp\/v2\/pages\/11845\/revisions"}],"predecessor-version":[{"id":12120,"href":"https:\/\/www.hsvision.de\/en\/wp-json\/wp\/v2\/pages\/11845\/revisions\/12120"}],"up":[{"embeddable":true,"href":"https:\/\/www.hsvision.de\/en\/wp-json\/wp\/v2\/pages\/8675"}],"wp:attachment":[{"href":"https:\/\/www.hsvision.de\/en\/wp-json\/wp\/v2\/media?parent=11845"}],"curies":[{"name":"wp","href":"https:\/\/api.w.org\/{rel}","templated":true}]}}