{"id":11810,"date":"2025-06-12T12:26:21","date_gmt":"2025-06-12T10:26:21","guid":{"rendered":"https:\/\/www.hsvision.de\/?page_id=11810"},"modified":"2025-09-11T15:17:01","modified_gmt":"2025-09-11T13:17:01","slug":"11810-2","status":"publish","type":"page","link":"https:\/\/www.hsvision.de\/en\/products\/by-frame-rate-fps\/11810-2\/","title":{"rendered":"<1000 fps"},"content":{"rendered":"<section class=\"l-section wpb_row smf-produktuebersicht height_custom\"><div class=\"l-section-h i-cf\"><div class=\"g-cols vc_row via_grid cols_1 laptops-cols_inherit tablets-cols_inherit mobiles-cols_1 valign_top type_default stacking_default\"><div class=\"wpb_column vc_column_container\"><div class=\"vc_column-inner\"><h1 class=\"w-post-elm post_title entry-title\"><1000 fps<\/h1><div class=\"w-separator size_medium\"><\/div><div class=\"w-grid type_grid layout_9012 smf-produkt cols_3\" id=\"us_grid_1\" style=\"--columns:3;--gap:1.5rem;\" data-filterable=\"true\"><style>@media (max-width:1024px){#us_grid_1{--columns:2!important}}@media (max-width:600px){#us_grid_1{--columns:1!important}}.layout_9012 .w-grid-item-h{}.layout_9012 .usg_post_title_1{color:var(--color-chrome-toolbar)!important;font-size:1rem!important;line-height:1.2!important;margin-bottom:1rem!important;position:static!important;background:#ffffff!important}.layout_9012 .usg_post_content_1{font-size:0.9rem!important;margin-bottom:1rem!important;position:static!important}.layout_9012 .usg_product_field_1{position:static!important}.layout_9012 .usg_post_image_1{margin-bottom:0.8rem!important;position:static!important}<\/style><div class=\"w-grid-list\">\t<article class=\"w-grid-item size_1x1 post-10851 product type-product status-publish has-post-thumbnail product_cat-1000-fps first instock shipping-taxable product-type-simple\" data-id=\"10851\">\r\n\t\t<div class=\"w-grid-item-h\">\r\n\t\t\t\t\t\t<div class=\"w-post-elm post_image usg_post_image_1 smf-link\"><a href=\"https:\/\/www.hsvision.de\/en\/produkt\/bildrate-fps\/1000-fps\/aos-promon-usb3\/\" aria-label=\"AOS PROMON USB3 High Speed Streaming\"><img loading=\"lazy\" decoding=\"async\" width=\"640\" height=\"328\" src=\"https:\/\/www.hsvision.de\/wp-content\/uploads\/2024\/01\/AOS_PROMON_U750.png\" class=\"attachment-large size-large wp-post-image\" alt=\"AOS_PROMON_U750\" srcset=\"https:\/\/www.hsvision.de\/wp-content\/uploads\/2024\/01\/AOS_PROMON_U750.png 640w, https:\/\/www.hsvision.de\/wp-content\/uploads\/2024\/01\/AOS_PROMON_U750-600x308.png 600w, https:\/\/www.hsvision.de\/wp-content\/uploads\/2024\/01\/AOS_PROMON_U750-300x154.png 300w, https:\/\/www.hsvision.de\/wp-content\/uploads\/2024\/01\/AOS_PROMON_U750-50x26.png 50w, https:\/\/www.hsvision.de\/wp-content\/uploads\/2024\/01\/AOS_PROMON_U750-70x36.png 70w\" sizes=\"auto, (max-width: 640px) 100vw, 640px\" \/><\/a><\/div><h2 class=\"w-post-elm post_title usg_post_title_1 has_text_color woocommerce-loop-product__title color_link_inherit\"><a href=\"https:\/\/www.hsvision.de\/en\/produkt\/bildrate-fps\/1000-fps\/aos-promon-usb3\/\">AOS PROMON USB3 High Speed Streaming<\/a><\/h2><div class=\"w-post-elm post_content usg_post_content_1\">Haupteigenschaften Ultra-kleiner Kamerakopf passt in engste R\u00e4ume Anschluss \u00fcber ein einziges USB3-Kabel Zwei in einem: Hochgeschwindigkeitskamera und Streaming-System Aufl\u00f6sung 1280&hellip;<\/div><\/a>\t\t<\/div>\r\n\t\t\t<\/article>\r\n\t<article class=\"w-grid-item size_1x1 post-10893 product type-product status-publish has-post-thumbnail product_cat-1000-fps product_cat-1-mpx-speedcam  instock shipping-taxable product-type-simple\" data-id=\"10893\">\r\n\t\t<div class=\"w-grid-item-h\">\r\n\t\t\t\t\t\t<div class=\"w-post-elm post_image usg_post_image_1 smf-link\"><a href=\"https:\/\/www.hsvision.de\/en\/produkt\/nach-aufloesung-pixel\/1-mpx-speedcam\/aos-promon-scope-g4\/\" aria-label=\"AOS PROMON SCOPE G4\"><img loading=\"lazy\" decoding=\"async\" width=\"939\" height=\"626\" src=\"https:\/\/www.hsvision.de\/wp-content\/uploads\/2024\/01\/csm_PROMON_Scope_G4_small_bcb977dd8d.png\" class=\"attachment-large size-large wp-post-image\" alt=\"csm_PROMON_Scope_G4_small_bcb977dd8d\" srcset=\"https:\/\/www.hsvision.de\/wp-content\/uploads\/2024\/01\/csm_PROMON_Scope_G4_small_bcb977dd8d.png 939w, https:\/\/www.hsvision.de\/wp-content\/uploads\/2024\/01\/csm_PROMON_Scope_G4_small_bcb977dd8d-600x400.png 600w, https:\/\/www.hsvision.de\/wp-content\/uploads\/2024\/01\/csm_PROMON_Scope_G4_small_bcb977dd8d-300x200.png 300w, https:\/\/www.hsvision.de\/wp-content\/uploads\/2024\/01\/csm_PROMON_Scope_G4_small_bcb977dd8d-50x33.png 50w, https:\/\/www.hsvision.de\/wp-content\/uploads\/2024\/01\/csm_PROMON_Scope_G4_small_bcb977dd8d-70x47.png 70w\" sizes=\"auto, (max-width: 939px) 100vw, 939px\" \/><\/a><\/div><h2 class=\"w-post-elm post_title usg_post_title_1 has_text_color woocommerce-loop-product__title color_link_inherit\"><a href=\"https:\/\/www.hsvision.de\/en\/produkt\/nach-aufloesung-pixel\/1-mpx-speedcam\/aos-promon-scope-g4\/\">AOS PROMON SCOPE G4<\/a><\/h2><div class=\"w-post-elm post_content usg_post_content_1\">Haupteigenschaften Unterst\u00fctzt bis zu zwei Kamerak\u00f6pfe Ideal f\u00fcr die industrielle Fehlersuche Die Batterie h\u00e4lt bis zu 3,5 Stunden mit einer&hellip;<\/div><\/a>\t\t<\/div>\r\n\t\t\t<\/article>\r\n<\/div><div class=\"w-grid-preloader\">\t<div class=\"g-preloader type_1\">\r\n\t\t<div><\/div>\r\n\t<\/div>\r\n\t<\/div>\t<div class=\"w-grid-json hidden\" onclick='return {&quot;action&quot;:&quot;us_ajax_grid&quot;,&quot;infinite_scroll&quot;:0,&quot;max_num_pages&quot;:1,&quot;pagination&quot;:&quot;none&quot;,&quot;template_vars&quot;:{&quot;columns&quot;:&quot;3&quot;,&quot;exclude_items&quot;:&quot;none&quot;,&quot;img_size&quot;:&quot;default&quot;,&quot;ignore_items_size&quot;:0,&quot;items_layout&quot;:&quot;9012&quot;,&quot;items_offset&quot;:&quot;1&quot;,&quot;load_animation&quot;:&quot;none&quot;,&quot;overriding_link&quot;:&quot;%7B%22url%22%3A%22%22%7D&quot;,&quot;post_id&quot;:0,&quot;query_args&quot;:{&quot;post_type&quot;:[&quot;product&quot;],&quot;tax_query&quot;:[{&quot;taxonomy&quot;:&quot;product_cat&quot;,&quot;field&quot;:&quot;slug&quot;,&quot;terms&quot;:[&quot;1000-fps-2&quot;]},{&quot;taxonomy&quot;:&quot;product_visibility&quot;,&quot;field&quot;:&quot;slug&quot;,&quot;terms&quot;:[&quot;exclude-from-catalog&quot;],&quot;operator&quot;:&quot;NOT IN&quot;}],&quot;post_status&quot;:[&quot;publish&quot;,&quot;acf-disabled&quot;],&quot;meta_query&quot;:[],&quot;posts_per_page&quot;:&quot;46&quot;},&quot;orderby_query_args&quot;:{&quot;orderby&quot;:{&quot;date&quot;:&quot;ASC&quot;}},&quot;type&quot;:&quot;grid&quot;,&quot;us_grid_post_type&quot;:&quot;product&quot;,&quot;us_grid_ajax_index&quot;:1,&quot;us_grid_filter_query_string&quot;:null,&quot;us_grid_index&quot;:1,&quot;page_args&quot;:[],&quot;lang&quot;:&quot;en&quot;}}'><\/div>\r\n\t<\/div><\/div><\/div><\/div><\/div><\/section>\n","protected":false},"excerpt":{"rendered":"Downloads PROMON SCOPE G4 FactSheet Download &nbsp; Eine Bildrate von bis zu 3500 Bildern pro Sekunde erm\u00f6glicht es, jeden Prozess im Detail zu \u00fcberwachen. PROMON SCOPE G4 ist das Werkzeug zum Erkennen von Trends und zum Erfassen sporadisch und intermittierend auftretender Vorf\u00e4lle in Hochgeschwindigkeitsaufzeichnung und Wiedergabe in Zeitlupe. Sehen Sie Ereignisse, die f\u00fcr das menschliche...","protected":false},"author":4,"featured_media":0,"parent":11805,"menu_order":1,"comment_status":"closed","ping_status":"closed","template":"","meta":{"_acf_changed":false,"footnotes":""},"class_list":["post-11810","page","type-page","status-publish","hentry"],"acf":[],"aioseo_notices":[],"_links":{"self":[{"href":"https:\/\/www.hsvision.de\/en\/wp-json\/wp\/v2\/pages\/11810","targetHints":{"allow":["GET"]}}],"collection":[{"href":"https:\/\/www.hsvision.de\/en\/wp-json\/wp\/v2\/pages"}],"about":[{"href":"https:\/\/www.hsvision.de\/en\/wp-json\/wp\/v2\/types\/page"}],"author":[{"embeddable":true,"href":"https:\/\/www.hsvision.de\/en\/wp-json\/wp\/v2\/users\/4"}],"replies":[{"embeddable":true,"href":"https:\/\/www.hsvision.de\/en\/wp-json\/wp\/v2\/comments?post=11810"}],"version-history":[{"count":3,"href":"https:\/\/www.hsvision.de\/en\/wp-json\/wp\/v2\/pages\/11810\/revisions"}],"predecessor-version":[{"id":12095,"href":"https:\/\/www.hsvision.de\/en\/wp-json\/wp\/v2\/pages\/11810\/revisions\/12095"}],"up":[{"embeddable":true,"href":"https:\/\/www.hsvision.de\/en\/wp-json\/wp\/v2\/pages\/11805"}],"wp:attachment":[{"href":"https:\/\/www.hsvision.de\/en\/wp-json\/wp\/v2\/media?parent=11810"}],"curies":[{"name":"wp","href":"https:\/\/api.w.org\/{rel}","templated":true}]}}